{"id":217,"date":"2018-11-29T18:49:01","date_gmt":"2018-11-29T16:49:01","guid":{"rendered":"http:\/\/www.vanhamylly.info\/wordpress\/?page_id=217"},"modified":"2018-11-29T18:49:01","modified_gmt":"2018-11-29T16:49:01","slug":"varaus-ja-maksuehdot","status":"publish","type":"page","link":"http:\/\/www.vanhamylly.info\/wordpress\/varaus-ja-maksuehdot\/","title":{"rendered":"varaus- ja maksuehdot"},"content":{"rendered":"<p>L\u00e4het\u00e4mme asiakkaalle laskun, jossa on lomakohteen nimi- ja osoitetiedot sek\u00e4 ajo-ohjeet kohteeseen. Kaikki laskuun liittyv\u00e4t huomautukset on ilmoitettava 7 vuorokauden sis\u00e4ll\u00e4 laskun p\u00e4iv\u00e4yksest\u00e4. Maksettaessa on k\u00e4ytett\u00e4v\u00e4 viitenumeroa. Varaus on vahvistettu, kun asiakas on maksanut ennakkomaksun (ennakkomaksu on 50 % m\u00f6kin hinnasta) tai kun on maksanut sek\u00e4 ennakkomaksun ett\u00e4 loppusuorituksen yhdell\u00e4 kertaa. Loppusuoritus maksetaan viimeist\u00e4\u00e4n viikkoa ennen loman alkua.Mik\u00e4li varauksen alkuun on 20 vuorokautta tai v\u00e4hemm\u00e4n, maksetaan koko summa kerralla ja lasku voi er\u00e4\u00e4nty\u00e4 2 vuorokauden kuluessa varauksesta.Mik\u00e4li varauksen alkuun on 7 p\u00e4iv\u00e4 tai v\u00e4hemm\u00e4n voidaan laskun er\u00e4p\u00e4iv\u00e4ksi laittaa sama p\u00e4iv\u00e4.Jos varauksen maksaminen laiminly\u00f6d\u00e4\u00e4n, M\u00f6kkikyl\u00e4 Vanha Mylly voi perua varauksen siit\u00e4 erikseen ilmoittamatta.M\u00f6kki\u00e4 ei luovuteta alle 18-vuotiaille.M\u00f6kki\u00e4 saa k\u00e4ytt\u00e4\u00e4 enimmill\u00e4\u00e4n se henkil\u00f6m\u00e4\u00e4r\u00e4, joka on ilmoitettu vuodepaikkam\u00e4\u00e4r\u00e4n\u00e4.Lomakohde on asiakkaan k\u00e4ytett\u00e4viss\u00e4 tulop\u00e4iv\u00e4st\u00e4 klo 16 l\u00e4ht\u00f6p\u00e4iv\u00e4\u00e4n klo 12.00 ellei muutoin ole sovittu. M\u00f6kin avaimet luovutetaan asiakkaalle henkil\u00f6kohtaisesti. Jos asiakas ei palauta m\u00f6kin avaimia h\u00e4nen voidaan katsoa kadottaneen ne. M\u00f6kin lukkojen vaihtamisesta aiheutuneet todelliset kustannukset on vuokraajan korvattava. Uusi majoituskortti laki astui voimaan 1.10.2006. Jokaisen majoitusta tarjoavan on t\u00e4ytett\u00e4v\u00e4 asiakkaalla majoituskortti avaintenluovutuksen yhteydess\u00e4.Vuokraan kuuluu k\u00e4ytt\u00f6oikeus vuokrattavaan kohteeseen ja niiden varusteisiin sek\u00e4 pihapiiriin. M\u00f6kiss\u00e4 on valmiit astiat, kalusteet, tyynyt ja peitteet. Asiakas huolehtii liinavaatteista ja pyyheliinoista tai vuokraa ne erikseen m\u00f6kkikyl\u00e4st\u00e4. Polttopuut, s\u00e4hk\u00f6 ja vesi sis\u00e4ltyv\u00e4t vuokraan. Vuoteissa on k\u00e4ytett\u00e4v\u00e4 aina lakanoita ja tyynynp\u00e4\u00e4llisi\u00e4, my\u00f6s makuupussissa nukuttaessa.Mik\u00e4li m\u00f6kkikyl\u00e4n m\u00f6keiss\u00e4 on muitakin vuokralaisia, hiljaisuus tulee klo. 23:00. T\u00e4m\u00e4n j\u00e4lkeen tulee k\u00e4yt\u00f6ksell\u00e4\u00e4n huomioida muiden majoittujien mahdollisuus nukkua y\u00f6ns\u00e4 hyvin.<\/p>\n","protected":false},"excerpt":{"rendered":"<p>L\u00e4het\u00e4mme asiakkaalle laskun, jossa on lomakohteen nimi- ja osoitetiedot sek\u00e4 ajo-ohjeet kohteeseen. Kaikki laskuun liittyv\u00e4t huomautukset on ilmoitettava 7 vuorokauden sis\u00e4ll\u00e4 laskun p\u00e4iv\u00e4yksest\u00e4. Maksettaessa on k\u00e4ytett\u00e4v\u00e4 viitenumeroa. Varaus on vahvistettu, kun asiakas on maksanut ennakkomaksun (ennakkomaksu on 50 % m\u00f6kin hinnasta) tai kun on maksanut sek\u00e4 ennakkomaksun ett\u00e4 loppusuorituksen yhdell\u00e4 kertaa. Loppusuoritus maksetaan viimeist\u00e4\u00e4n viikkoa &hellip; <\/p>\n<p class=\"link-more\"><a href=\"http:\/\/www.vanhamylly.info\/wordpress\/varaus-ja-maksuehdot\/\" class=\"more-link\">Jatka lukemista<span class=\"screen-reader-text\"> &#8221;varaus- ja maksuehdot&#8221;<\/span><\/a><\/p>\n","protected":false},"author":1,"featured_media":0,"parent":0,"menu_order":0,"comment_status":"closed","ping_status":"closed","template":"","meta":[],"_links":{"self":[{"href":"http:\/\/www.vanhamylly.info\/wordpress\/wp-json\/wp\/v2\/pages\/217"}],"collection":[{"href":"http:\/\/www.vanhamylly.info\/wordpress\/wp-json\/wp\/v2\/pages"}],"about":[{"href":"http:\/\/www.vanhamylly.info\/wordpress\/wp-json\/wp\/v2\/types\/page"}],"author":[{"embeddable":true,"href":"http:\/\/www.vanhamylly.info\/wordpress\/wp-json\/wp\/v2\/users\/1"}],"replies":[{"embeddable":true,"href":"http:\/\/www.vanhamylly.info\/wordpress\/wp-json\/wp\/v2\/comments?post=217"}],"version-history":[{"count":1,"href":"http:\/\/www.vanhamylly.info\/wordpress\/wp-json\/wp\/v2\/pages\/217\/revisions"}],"predecessor-version":[{"id":218,"href":"http:\/\/www.vanhamylly.info\/wordpress\/wp-json\/wp\/v2\/pages\/217\/revisions\/218"}],"wp:attachment":[{"href":"http:\/\/www.vanhamylly.info\/wordpress\/wp-json\/wp\/v2\/media?parent=217"}],"curies":[{"name":"wp","href":"https:\/\/api.w.org\/{rel}","templated":true}]}}