{"id":226,"date":"2018-11-29T18:53:04","date_gmt":"2018-11-29T16:53:04","guid":{"rendered":"http:\/\/www.vanhamylly.info\/wordpress\/?page_id=226"},"modified":"2018-12-09T16:38:24","modified_gmt":"2018-12-09T14:38:24","slug":"vahinkojen-korvaus-ja-ylivoimainen-este","status":"publish","type":"page","link":"http:\/\/www.vanhamylly.info\/wordpress\/vahinkojen-korvaus-ja-ylivoimainen-este\/","title":{"rendered":"vahinkojen korvaus ja ylivoimainen este"},"content":{"rendered":"<p>Asiakas on velvollinen korvaamaan m\u00f6kille tai sen irtaimistolle aiheuttamansa vahingot.<\/p>\n<p>M\u00f6kkikyl\u00e4 Vanha Mylly ei vastaa sellaisesta asiakkaalle aiheutuneesta vahingosta, joka aiheutuu ennalta arvaamattomasta ylivoimaisesta esteest\u00e4 tai vastaavasta syyst\u00e4 (esim. luonnonilmi\u00f6t, s\u00e4hk\u00f6katkot yms.), joka ei ole johtunut M\u00f6kkikyl\u00e4 Vanhasta Myllyst\u00e4 ja jonka seurauksia m\u00f6kkikyl\u00e4 ei kohtuudella voinut est\u00e4\u00e4.<\/p>\n<p>M\u00f6kkikyl\u00e4 ei my\u00f6sk\u00e4\u00e4n vastaa vahingoista tai seurauksista, jotka aiheutuvat normaaleista luonnonilmi\u00f6ist\u00e4 tai el\u00e4imist\u00e4.<\/p>\n","protected":false},"excerpt":{"rendered":"<p>Asiakas on velvollinen korvaamaan m\u00f6kille tai sen irtaimistolle aiheuttamansa vahingot. M\u00f6kkikyl\u00e4 Vanha Mylly ei vastaa sellaisesta asiakkaalle aiheutuneesta vahingosta, joka aiheutuu ennalta arvaamattomasta ylivoimaisesta esteest\u00e4 tai vastaavasta syyst\u00e4 (esim. luonnonilmi\u00f6t, s\u00e4hk\u00f6katkot yms.), joka ei ole johtunut M\u00f6kkikyl\u00e4 Vanhasta Myllyst\u00e4 ja jonka seurauksia m\u00f6kkikyl\u00e4 ei kohtuudella voinut est\u00e4\u00e4. M\u00f6kkikyl\u00e4 ei my\u00f6sk\u00e4\u00e4n vastaa vahingoista tai seurauksista, jotka &hellip; <\/p>\n<p class=\"link-more\"><a href=\"http:\/\/www.vanhamylly.info\/wordpress\/vahinkojen-korvaus-ja-ylivoimainen-este\/\" class=\"more-link\">Jatka lukemista<span class=\"screen-reader-text\"> &#8221;vahinkojen korvaus ja ylivoimainen este&#8221;<\/span><\/a><\/p>\n","protected":false},"author":1,"featured_media":0,"parent":0,"menu_order":0,"comment_status":"closed","ping_status":"closed","template":"","meta":[],"_links":{"self":[{"href":"http:\/\/www.vanhamylly.info\/wordpress\/wp-json\/wp\/v2\/pages\/226"}],"collection":[{"href":"http:\/\/www.vanhamylly.info\/wordpress\/wp-json\/wp\/v2\/pages"}],"about":[{"href":"http:\/\/www.vanhamylly.info\/wordpress\/wp-json\/wp\/v2\/types\/page"}],"author":[{"embeddable":true,"href":"http:\/\/www.vanhamylly.info\/wordpress\/wp-json\/wp\/v2\/users\/1"}],"replies":[{"embeddable":true,"href":"http:\/\/www.vanhamylly.info\/wordpress\/wp-json\/wp\/v2\/comments?post=226"}],"version-history":[{"count":2,"href":"http:\/\/www.vanhamylly.info\/wordpress\/wp-json\/wp\/v2\/pages\/226\/revisions"}],"predecessor-version":[{"id":299,"href":"http:\/\/www.vanhamylly.info\/wordpress\/wp-json\/wp\/v2\/pages\/226\/revisions\/299"}],"wp:attachment":[{"href":"http:\/\/www.vanhamylly.info\/wordpress\/wp-json\/wp\/v2\/media?parent=226"}],"curies":[{"name":"wp","href":"https:\/\/api.w.org\/{rel}","templated":true}]}}