{"id":232,"date":"2018-11-29T18:56:32","date_gmt":"2018-11-29T16:56:32","guid":{"rendered":"http:\/\/www.vanhamylly.info\/wordpress\/?page_id=232"},"modified":"2018-12-09T16:36:29","modified_gmt":"2018-12-09T14:36:29","slug":"varauksen-peruuttaminen-ja-muuttaminen","status":"publish","type":"page","link":"http:\/\/www.vanhamylly.info\/wordpress\/varauksen-peruuttaminen-ja-muuttaminen\/","title":{"rendered":"varauksen peruuttaminen ja muuttaminen"},"content":{"rendered":"<ul>\n<li>Peruutus on aina teht\u00e4v\u00e4 kirjallisesti tai s\u00e4hk\u00f6postilla.<\/li>\n<li>Peruutus katsotaan tapahtuneeksi sill\u00e4 hetkell\u00e4, jolloin tieto peruutuksesta on saapunut.<\/li>\n<li>Varauksen peruuttamisesta pid\u00e4tet\u00e4\u00e4n ennakkomaksu ja toimitusmaksu seuraavasti:<\/li>\n<li>Mik\u00e4li asiakas peruu varauksen viimeist\u00e4\u00e4n 30vrk ennen majoituksen alkamista, veloitetaan peruutuskulut 30\u20ac\/varaus.<\/li>\n<li>My\u00f6hemmin kuin 30 vrk, mutta viimeist\u00e4\u00e4n 21 vrk ennen majoituksen alkua, veloitetaan puolet maksetusta ennakkomaksusta.<\/li>\n<li>My\u00f6hemmin kuin 21 vrk mutta viimeist\u00e4\u00e4n 7vrk ennen majoituksen alkua <span style=\"text-decoration: underline;\">veloitetaan koko maksettu ennakkomaksu<\/span>.<\/li>\n<li>My\u00f6hemmin kuin 7 vrk ennen majoituksen alkua eik\u00e4 majoituskohdetta saada uudelleen vuokratuksi, <span style=\"text-decoration: underline;\">veloitetaan koko varauksen arvo<\/span>.\n<p>Jos asiakas itse tai h\u00e4nen kanssaan yhteistaloudessa el\u00e4v\u00e4 henkil\u00f6 sairastuu vakavasti, joutuu onnettomuuteen tai kuolee. Peruutuksesta on ilmoitettava viipym\u00e4tt\u00e4 M\u00f6kkikyl\u00e4 Vanhaan Myllyyn ja asia on selvitett\u00e4v\u00e4 luotettavalla tavalla, esim. l\u00e4\u00e4k\u00e4rintodistuksella.<br \/>\nMik\u00e4li asiakas muuttaa varausta (lomam\u00f6kki\u00e4 tai loman ajankohtaa), on M\u00f6kkikyl\u00e4ll\u00e4 oikeus peri\u00e4 t\u00e4st\u00e4 aiheutuvina muutoskuluina 30 \u20ac<\/li>\n<\/ul>\n","protected":false},"excerpt":{"rendered":"<p>Peruutus on aina teht\u00e4v\u00e4 kirjallisesti tai s\u00e4hk\u00f6postilla. Peruutus katsotaan tapahtuneeksi sill\u00e4 hetkell\u00e4, jolloin tieto peruutuksesta on saapunut. Varauksen peruuttamisesta pid\u00e4tet\u00e4\u00e4n ennakkomaksu ja toimitusmaksu seuraavasti: Mik\u00e4li asiakas peruu varauksen viimeist\u00e4\u00e4n 30vrk ennen majoituksen alkamista, veloitetaan peruutuskulut 30\u20ac\/varaus. My\u00f6hemmin kuin 30 vrk, mutta viimeist\u00e4\u00e4n 21 vrk ennen majoituksen alkua, veloitetaan puolet maksetusta ennakkomaksusta. My\u00f6hemmin kuin 21 vrk &hellip; <\/p>\n<p class=\"link-more\"><a href=\"http:\/\/www.vanhamylly.info\/wordpress\/varauksen-peruuttaminen-ja-muuttaminen\/\" class=\"more-link\">Jatka lukemista<span class=\"screen-reader-text\"> &#8221;varauksen peruuttaminen ja muuttaminen&#8221;<\/span><\/a><\/p>\n","protected":false},"author":1,"featured_media":0,"parent":0,"menu_order":0,"comment_status":"closed","ping_status":"closed","template":"","meta":[],"_links":{"self":[{"href":"http:\/\/www.vanhamylly.info\/wordpress\/wp-json\/wp\/v2\/pages\/232"}],"collection":[{"href":"http:\/\/www.vanhamylly.info\/wordpress\/wp-json\/wp\/v2\/pages"}],"about":[{"href":"http:\/\/www.vanhamylly.info\/wordpress\/wp-json\/wp\/v2\/types\/page"}],"author":[{"embeddable":true,"href":"http:\/\/www.vanhamylly.info\/wordpress\/wp-json\/wp\/v2\/users\/1"}],"replies":[{"embeddable":true,"href":"http:\/\/www.vanhamylly.info\/wordpress\/wp-json\/wp\/v2\/comments?post=232"}],"version-history":[{"count":3,"href":"http:\/\/www.vanhamylly.info\/wordpress\/wp-json\/wp\/v2\/pages\/232\/revisions"}],"predecessor-version":[{"id":297,"href":"http:\/\/www.vanhamylly.info\/wordpress\/wp-json\/wp\/v2\/pages\/232\/revisions\/297"}],"wp:attachment":[{"href":"http:\/\/www.vanhamylly.info\/wordpress\/wp-json\/wp\/v2\/media?parent=232"}],"curies":[{"name":"wp","href":"https:\/\/api.w.org\/{rel}","templated":true}]}}