{"id":3,"date":"2018-11-25T15:36:25","date_gmt":"2018-11-25T13:36:25","guid":{"rendered":"http:\/\/www.vanhamylly.info\/wordpress\/?page_id=3"},"modified":"2023-03-11T19:58:06","modified_gmt":"2023-03-11T17:58:06","slug":"tietosuojaseloste","status":"publish","type":"page","link":"http:\/\/www.vanhamylly.info\/wordpress\/tietosuojaseloste\/","title":{"rendered":"Rekisteri- ja tietosuojaseloste"},"content":{"rendered":"<h2>Keit\u00e4 olemme<\/h2>\n<p><strong>YHTEYSTIEDOT<br \/>\n<\/strong>Rekisteriasioista vastaava henkil\u00f6 Tuija Tienhaara.<strong><br \/>\n<\/strong><\/p>\n<p>M\u00f6kkikyl\u00e4 Vanha Mylly Oy (2324050-9)<br \/>\nLuovankyl\u00e4ntie 95<br \/>\n64350 KARIJOKI<br \/>\np. 050 365 7735<br \/>\nvaraus@vanhamylly.info<\/p>\n<p>Verkkosivustomme osoite on: http:\/\/www.vanhamylly.info<\/p>\n<h2>Mit\u00e4 henkil\u00f6tietoa ker\u00e4\u00e4mme ja miksi<\/h2>\n<h3>Kommentit<\/h3>\n<p>Kun sivuston k\u00e4ytt\u00e4j\u00e4t j\u00e4tt\u00e4v\u00e4t kommentteja sivustolle, ker\u00e4\u00e4mme kommenttilomakkeessa olevat tiedot, sek\u00e4 k\u00e4ytt\u00e4j\u00e4n IP-osoitteen ja selaimen versiotiedot roskaviestien tunnistamisen helpottamiseksi.<\/p>\n<p>Kun vierailijat j\u00e4tt\u00e4v\u00e4t kommentin t\u00e4lle sivustolle ker\u00e4\u00e4mme tiedon, joka on n\u00e4kyviss\u00e4 kommentointikentiss\u00e4, IP-osoitteen sek\u00e4 selaimen versioon liittyv\u00e4t tiedot. S\u00e4hk\u00f6postiosoitteesta luotu anonymisoitu hajautustieto (hash) voidaan l\u00e4hett\u00e4\u00e4 Gravatar-palveluun, jotta tiedet\u00e4\u00e4n onko kommentoija palvelun k\u00e4ytt\u00e4j\u00e4. Gravatar-palvelun tietosuojaseloste l\u00f6ytyy osoitteesta https:\/\/automattic.com\/privacy\/.<\/p>\n<h3>Ev\u00e4steet<\/h3>\n<p>Jos j\u00e4t\u00e4t kommentin sivustolle, voit valita nimen, s\u00e4hk\u00f6postiosoitteen ja url-osoitteen tallennuksen ev\u00e4steeseen. T\u00e4m\u00e4 toiminto lis\u00e4\u00e4 k\u00e4ytt\u00f6mukavuutta, koska lomaketta ei tarvitse t\u00e4ytt\u00e4\u00e4 jokaisella kerralla uudelleen kommenttia lis\u00e4tess\u00e4. Ev\u00e4stetieto poistetaan selaimesta vuoden kuluttua.<\/p>\n<p>Mik\u00e4li sinulla on tili ja kirjaudut sivustolle asetamme v\u00e4liaikaisen ev\u00e4steen, joka p\u00e4\u00e4ttelee tukeeko selaimesi ev\u00e4steit\u00e4 vai ei. T\u00e4m\u00e4 ev\u00e4ste ei sis\u00e4ll\u00e4 henkil\u00f6tietoa ja se poistetaan kun selainikkuna suljetaan.<\/p>\n<p>Kun kirjaudut sis\u00e4\u00e4n asetamme useita ev\u00e4steit\u00e4, jotka tallentavat kirjautumis- sek\u00e4 n\u00e4ytt\u00f6asetuksesi. Kirjautumisev\u00e4steet poistetaan kahden vuorokauden kuluessa, n\u00e4ytt\u00f6asetuksiin liittyv\u00e4t ev\u00e4steet poistuvat vuoden p\u00e4\u00e4st\u00e4. Mik\u00e4li valitset \u201cMuista minut\u201d kirjautumisen yhteydess\u00e4, kirjautumistietojasi s\u00e4ilytet\u00e4\u00e4n kahden viikon ajan. Mik\u00e4li kirjaudut ulos, kirjautumiseen liittyv\u00e4t ev\u00e4steet poistetaan samassa yhteydess\u00e4.<\/p>\n<p>Mik\u00e4li julkaiset artikkelin tai muokkaat olemassa olevaa tallennamme selaimeen ev\u00e4steen, joka sis\u00e4lt\u00e4\u00e4 muokattavan artikkelin ID:n. Ev\u00e4ste vanhenee yhdess\u00e4 vuorokaudessa.<\/p>\n<h3>Muilta sivustoilta upotettu sis\u00e4lt\u00f6<\/h3>\n<p>T\u00e4m\u00e4n sivuston artikkelit voivat sis\u00e4lt\u00e4\u00e4 upotettua sis\u00e4lt\u00f6\u00e4 (esimerkiksi videoita, kuvia, artikkeleita jne.). Toisilta sivustoilta tuodun upotetun sis\u00e4ll\u00f6n avaaminen on verrattavissa siihen, ett\u00e4 vierailija itse k\u00e4visi kolmannen osapuolen sivustolla.<\/p>\n<p>N\u00e4m\u00e4 sivustot voivat ker\u00e4t\u00e4 tietoa sinusta, k\u00e4ytt\u00e4\u00e4 ev\u00e4steit\u00e4, upottaa kolmannen osapuolen seurantaev\u00e4steit\u00e4 ja monitoroida vuorovaikutustasi upotetun sis\u00e4ll\u00f6n kanssa, mukaan lukien vuorovaikutuksen seuranta jos ja kun olet kirjautunut k\u00e4ytt\u00e4j\u00e4n\u00e4 sivustolle.<\/p>\n<h3>Toimialaan liittyv\u00e4 lains\u00e4\u00e4d\u00e4nt\u00f6<\/h3>\n<p>Tietosuojalaki (2018\/1050), Euroopan parlamentin ja neuvoston asetuksen (EU) 2016\/679, luonnollisten henkil\u00f6iden suojelusta henkil\u00f6tietojen k\u00e4sittelyss\u00e4 sek\u00e4 n\u00e4iden tietojen vapaasta liikkuvuudesta ja direktiivin 95\/46\/EY kumoamisesta (yleinen tietosuoja-asetus), Henkil\u00f6tietolain (523\/1999) 10 \u00a7:n ja 24 \u00a7:n mukainen tietosuoja- ja rekisteriseloste\u200b sek\u00e4 Laki Majoitus- ja ravitsemistoiminnasta (2006\/308).<\/p>\n<p>P\u00e4ivitetty 11.3.2023<\/p>\n<p>Rekisterin nimi<br \/>\nAsiakasrekisteri Vanha Mylly<\/p>\n<p>Rekisterin pit\u00e4j\u00e4<br \/>\nM\u00f6kkikyl\u00e4 Vanha Mylly Oy<br \/>\nLuovankyl\u00e4ntie 95<br \/>\n64350 KARIJOKI<\/p>\n<p>Rekisteriasioista vastaava henkil\u00f6 Tuija Tienhaara, varaus@vanhamylly.info.<\/p>\n<p><strong>Rekisterin pit\u00e4misen peruste ja k\u00e4ytt\u00f6tarkoitus<\/strong><br \/>\nKer\u00e4tt\u00e4vi\u00e4 henkil\u00f6tietoja k\u00e4ytet\u00e4\u00e4n m\u00f6kkien vuokraamisen mahdollistamiseen, asiakassuhteen yll\u00e4pitoon ja hoitoon sek\u00e4 vuokraamisen edellytt\u00e4mien yhteydenottojen mahdollistamiseen. Emme yll\u00e4pid\u00e4 s\u00e4hk\u00f6ist\u00e4 asiakasrekisteri\u00e4. Emme k\u00e4yt\u00e4 tietoja markkinointitarkoitukseen.<\/p>\n<p>Rekisteriin ker\u00e4tt\u00e4v\u00e4t henkil\u00f6tiedot<br \/>\nYhteystiedot:<\/p>\n<p>Nimi<br \/>\nHenkil\u00f6tunnus<br \/>\nKansalaisuus<br \/>\nOsoite<br \/>\nAsiakastiedot:<\/p>\n<p>Vuokra-ajankohta<br \/>\nMajoittumisen tarkoitus<br \/>\nS\u00e4\u00e4nn\u00f6nmukaiset tietol\u00e4hteet<br \/>\nTietoja hankitaan asiakkaalta. Asiakas ilmoittaa itse tietonsa matkustajailmoituksella vuokrauksen yhteydess\u00e4.<\/p>\n<p><strong>S\u00e4\u00e4nn\u00f6nmukaiset tietojen luovutukset<\/strong><\/p>\n<p>Laki Majoitus- ja ravitsemistoiminnasta (2006\/308) 8\u00a7.<br \/>\nTietoja ei luovuteta edelleen EU:n tai Euroopan ulkopuolelle.<\/p>\n<p>Olemme varmistaneet, ett\u00e4 kaikki palveluntarjoajamme noudattavat tietosuojalains\u00e4\u00e4d\u00e4nt\u00f6\u00e4.<\/p>\n<p>Henkil\u00f6tietoja k\u00e4sitell\u00e4\u00e4n p\u00e4\u00e4s\u00e4\u00e4nt\u00f6isesti niin kauan, kuin asiakkuus on voimassa. Vanhentuneet ja tarpeettomat tiedot h\u00e4vit\u00e4mme asiaankuuluvalla tavalla. S\u00e4ilyt\u00e4mme henkil\u00f6tietoja vain niin kauan, kun se on tarpeen t\u00e4ss\u00e4 tietosuojaselosteessa m\u00e4\u00e4riteltyjen henkil\u00f6tietojen k\u00e4sittelytarkoitusten toteuttamiseksi. Kirjanpitolain tai muun soveltuvan lain velvoitteista johtuen tietoja voidaan joutua s\u00e4ilytt\u00e4m\u00e4\u00e4n edell\u00e4 mainittua ajanjaksoa pitemp\u00e4\u00e4n.\u200b Matkustajailmoitukset ja -tiedot s\u00e4ilytet\u00e4\u00e4n yhden vuoden ajan matkustajailmoituksen allekirjoittamisp\u00e4iv\u00e4st\u00e4, mink\u00e4 j\u00e4lkeen ne h\u00e4vitet\u00e4\u00e4n.<\/p>\n<p><strong>Rekisterin suojauksen periaatteet<\/strong><br \/>\nTiedot s\u00e4ilytet\u00e4\u00e4n mapissa, lukollisessa kaapissa. Emme yll\u00e4pid\u00e4 s\u00e4hk\u00f6ist\u00e4 asiakasrekisteri\u00e4.<\/p>\n<p>Voimme my\u00f6s ulkoistaa henkil\u00f6tietojen k\u00e4sittelyn osittain kolmannelle osapuolelle, jolloin takaamme sopimusj\u00e4rjestelyin, ett\u00e4 henkil\u00f6tietoja k\u00e4sitell\u00e4\u00e4n voimassa olevan tietosuojalains\u00e4\u00e4d\u00e4nn\u00f6n mukaisesti ja muutoin asianmukaisesti.<\/p>\n<p><strong>Tarkastusoikeus ja oikeus vaatia tietojen korjaamista<\/strong><br \/>\nRekister\u00f6idyll\u00e4 on henkil\u00f6tietolain mukainen oikeus tarkistaa itse\u00e4\u00e4n koskevat henkil\u00f6rekisteriin tallennetut tiedot sek\u00e4 oikeus vaatia virheellisen tiedon oikaisua ja muutoinkin turvautua henkil\u00f6tietolaissa turvattuihin oikeuksiinsa.<\/p>\n<p>Kirjallisen pyynn\u00f6n j\u00e4lkeen l\u00e4het\u00e4mme ohjeistuksen tunnistautumiseen s\u00e4hk\u00f6postitse. Tunnistautumisen j\u00e4lkeen toimitamme tiedot kohtuullisen ajan kuluessa.<\/p>\n<p>Muut henkil\u00f6tietolain k\u00e4sittelyyn liittyv\u00e4t oikeudet<br \/>\nRekister\u00f6idyll\u00e4 on henkil\u00f6tietolain mukainen oikeus kielt\u00e4\u00e4 rekisterinpit\u00e4j\u00e4\u00e4 k\u00e4sittelem\u00e4st\u00e4 h\u00e4nt\u00e4 itse\u00e4\u00e4n koskevia tietoja. T\u00e4ll\u00e4inen kielto voidaan milloin tahansa antaa kohdassa 2 mainitulle henkil\u00f6lle.<\/p>\n<p><strong>YHTEYSTIEDOT<br \/>\n<\/strong>Rekisteriasioista vastaava henkil\u00f6 Tuija Tienhaara.<strong><br \/>\n<\/strong><\/p>\n<p>M\u00f6kkikyl\u00e4 Vanha Mylly Oy (2324050-9)<br \/>\nLuovankyl\u00e4ntie 95<br \/>\n64350 KARIJOKI<br \/>\np. 050 365 7735<br \/>\nvaraus@vanhamylly.info<\/p>\n","protected":false},"excerpt":{"rendered":"<p>Keit\u00e4 olemme YHTEYSTIEDOT Rekisteriasioista vastaava henkil\u00f6 Tuija Tienhaara. M\u00f6kkikyl\u00e4 Vanha Mylly Oy (2324050-9) Luovankyl\u00e4ntie 95 64350 KARIJOKI p. 050 365 7735 varaus@vanhamylly.info Verkkosivustomme osoite on: http:\/\/www.vanhamylly.info Mit\u00e4 henkil\u00f6tietoa ker\u00e4\u00e4mme ja miksi Kommentit Kun sivuston k\u00e4ytt\u00e4j\u00e4t j\u00e4tt\u00e4v\u00e4t kommentteja sivustolle, ker\u00e4\u00e4mme kommenttilomakkeessa olevat tiedot, sek\u00e4 k\u00e4ytt\u00e4j\u00e4n IP-osoitteen ja selaimen versiotiedot roskaviestien tunnistamisen helpottamiseksi. Kun vierailijat j\u00e4tt\u00e4v\u00e4t kommentin &hellip; <\/p>\n<p class=\"link-more\"><a href=\"http:\/\/www.vanhamylly.info\/wordpress\/tietosuojaseloste\/\" class=\"more-link\">Jatka lukemista<span class=\"screen-reader-text\"> &#8221;Rekisteri- ja tietosuojaseloste&#8221;<\/span><\/a><\/p>\n","protected":false},"author":1,"featured_media":0,"parent":0,"menu_order":0,"comment_status":"closed","ping_status":"open","template":"","meta":[],"_links":{"self":[{"href":"http:\/\/www.vanhamylly.info\/wordpress\/wp-json\/wp\/v2\/pages\/3"}],"collection":[{"href":"http:\/\/www.vanhamylly.info\/wordpress\/wp-json\/wp\/v2\/pages"}],"about":[{"href":"http:\/\/www.vanhamylly.info\/wordpress\/wp-json\/wp\/v2\/types\/page"}],"author":[{"embeddable":true,"href":"http:\/\/www.vanhamylly.info\/wordpress\/wp-json\/wp\/v2\/users\/1"}],"replies":[{"embeddable":true,"href":"http:\/\/www.vanhamylly.info\/wordpress\/wp-json\/wp\/v2\/comments?post=3"}],"version-history":[{"count":5,"href":"http:\/\/www.vanhamylly.info\/wordpress\/wp-json\/wp\/v2\/pages\/3\/revisions"}],"predecessor-version":[{"id":382,"href":"http:\/\/www.vanhamylly.info\/wordpress\/wp-json\/wp\/v2\/pages\/3\/revisions\/382"}],"wp:attachment":[{"href":"http:\/\/www.vanhamylly.info\/wordpress\/wp-json\/wp\/v2\/media?parent=3"}],"curies":[{"name":"wp","href":"https:\/\/api.w.org\/{rel}","templated":true}]}}