{"id":61,"date":"2018-11-25T15:52:51","date_gmt":"2018-11-25T13:52:51","guid":{"rendered":"http:\/\/www.vanhamylly.info\/wordpress\/?page_id=61"},"modified":"2019-05-23T17:26:05","modified_gmt":"2019-05-23T14:26:05","slug":"maasavusauna","status":"publish","type":"page","link":"http:\/\/www.vanhamylly.info\/wordpress\/maasavusauna\/","title":{"rendered":"Maasavusauna"},"content":{"rendered":"<header class=\"entry-header\">\n<h3 style=\"text-align: center;\"><em><img decoding=\"async\" loading=\"lazy\" class=\"alignnone size-full wp-image-19\" src=\"http:\/\/www.vanhamylly.info\/wordpress\/wp-content\/uploads\/2018\/11\/etumokkikyla-1.jpg\" alt=\"\" width=\"659\" height=\"416\" srcset=\"http:\/\/www.vanhamylly.info\/wordpress\/wp-content\/uploads\/2018\/11\/etumokkikyla-1.jpg 659w, http:\/\/www.vanhamylly.info\/wordpress\/wp-content\/uploads\/2018\/11\/etumokkikyla-1-300x189.jpg 300w\" sizes=\"(max-width: 659px) 100vw, 659px\" \/><br \/>\n<strong>Parhaat l\u00f6ylyt saa maasavusaunasta!<\/strong><\/em><\/h3>\n<\/header>\n<div class=\"entry-content\">\n<p style=\"text-align: center;\">Maasavusauna on nimens\u00e4 mukaan maan alle rakennettu savusauna. Maasavusaunan pehme\u00e4t l\u00f6ylyt ovat el\u00e4mys!<br \/>\nMaasavusaunan lauteille mahtuu kerrallaan saunomaan 8-10 henkil\u00f6\u00e4. Ulkoporeamme on suunniteltu 6 henkil\u00f6lle, joten toisten nauttiessa l\u00f6ylyist\u00e4 voi osa saunojista rentoutua poreissa.<br \/>\nSaunassa on kaksi suihkua. Takkahuoneessa on sis\u00e4vessa, j\u00e4\u00e4kaappi sek\u00e4 takka.<img decoding=\"async\" loading=\"lazy\" class=\"size-full wp-image-14 aligncenter\" src=\"http:\/\/www.vanhamylly.info\/wordpress\/wp-content\/uploads\/2018\/11\/668_mokkikylan_mylly_0092_p-300x262-e1543509872519.jpg\" alt=\"\" width=\"300\" height=\"262\" \/><\/p>\n<p style=\"text-align: center;\"><img decoding=\"async\" loading=\"lazy\" class=\"alignnone size-full wp-image-15\" src=\"http:\/\/www.vanhamylly.info\/wordpress\/wp-content\/uploads\/2018\/11\/668_mokkikylan_mylly_0103_pienennetty-300x222-e1543509899599.jpg\" alt=\"\" width=\"300\" height=\"222\" \/><\/p>\n<p style=\"text-align: center;\"><img decoding=\"async\" loading=\"lazy\" class=\"alignnone size-full wp-image-315\" src=\"http:\/\/www.vanhamylly.info\/wordpress\/wp-content\/uploads\/2019\/05\/IMG_1535_pieni.jpg\" alt=\"\" width=\"640\" height=\"427\" srcset=\"http:\/\/www.vanhamylly.info\/wordpress\/wp-content\/uploads\/2019\/05\/IMG_1535_pieni.jpg 640w, http:\/\/www.vanhamylly.info\/wordpress\/wp-content\/uploads\/2019\/05\/IMG_1535_pieni-300x200.jpg 300w\" sizes=\"(max-width: 640px) 100vw, 640px\" \/> <img decoding=\"async\" loading=\"lazy\" class=\"alignnone size-full wp-image-316\" src=\"http:\/\/www.vanhamylly.info\/wordpress\/wp-content\/uploads\/2019\/05\/IMG_6505.jpg\" alt=\"\" width=\"3456\" height=\"2304\" srcset=\"http:\/\/www.vanhamylly.info\/wordpress\/wp-content\/uploads\/2019\/05\/IMG_6505.jpg 3456w, http:\/\/www.vanhamylly.info\/wordpress\/wp-content\/uploads\/2019\/05\/IMG_6505-300x200.jpg 300w, http:\/\/www.vanhamylly.info\/wordpress\/wp-content\/uploads\/2019\/05\/IMG_6505-768x512.jpg 768w, http:\/\/www.vanhamylly.info\/wordpress\/wp-content\/uploads\/2019\/05\/IMG_6505-1024x683.jpg 1024w\" sizes=\"(max-width: 767px) 89vw, (max-width: 1000px) 54vw, (max-width: 1071px) 543px, 580px\" \/><\/p>\n<p style=\"text-align: center;\">Maasavusaunan voit vuokrata my\u00f6s erikseen, soita tai pyyd\u00e4 meilt\u00e4 tarjous s\u00e4hk\u00f6postitse!<\/p>\n<p style=\"text-align: center;\">Tuija 050 365 77 35 tai Seppo 0400 603 785,\u00a0 varaus@vanhamylly.info<\/p>\n<p style=\"text-align: center;\">\n<\/div>\n","protected":false},"excerpt":{"rendered":"<p>Parhaat l\u00f6ylyt saa maasavusaunasta! Maasavusauna on nimens\u00e4 mukaan maan alle rakennettu savusauna. Maasavusaunan pehme\u00e4t l\u00f6ylyt ovat el\u00e4mys! Maasavusaunan lauteille mahtuu kerrallaan saunomaan 8-10 henkil\u00f6\u00e4. Ulkoporeamme on suunniteltu 6 henkil\u00f6lle, joten toisten nauttiessa l\u00f6ylyist\u00e4 voi osa saunojista rentoutua poreissa. Saunassa on kaksi suihkua. Takkahuoneessa on sis\u00e4vessa, j\u00e4\u00e4kaappi sek\u00e4 takka. Maasavusaunan voit vuokrata my\u00f6s erikseen, soita tai &hellip; <\/p>\n<p class=\"link-more\"><a href=\"http:\/\/www.vanhamylly.info\/wordpress\/maasavusauna\/\" class=\"more-link\">Jatka lukemista<span class=\"screen-reader-text\"> &#8221;Maasavusauna&#8221;<\/span><\/a><\/p>\n","protected":false},"author":1,"featured_media":0,"parent":0,"menu_order":0,"comment_status":"closed","ping_status":"closed","template":"","meta":[],"_links":{"self":[{"href":"http:\/\/www.vanhamylly.info\/wordpress\/wp-json\/wp\/v2\/pages\/61"}],"collection":[{"href":"http:\/\/www.vanhamylly.info\/wordpress\/wp-json\/wp\/v2\/pages"}],"about":[{"href":"http:\/\/www.vanhamylly.info\/wordpress\/wp-json\/wp\/v2\/types\/page"}],"author":[{"embeddable":true,"href":"http:\/\/www.vanhamylly.info\/wordpress\/wp-json\/wp\/v2\/users\/1"}],"replies":[{"embeddable":true,"href":"http:\/\/www.vanhamylly.info\/wordpress\/wp-json\/wp\/v2\/comments?post=61"}],"version-history":[{"count":16,"href":"http:\/\/www.vanhamylly.info\/wordpress\/wp-json\/wp\/v2\/pages\/61\/revisions"}],"predecessor-version":[{"id":318,"href":"http:\/\/www.vanhamylly.info\/wordpress\/wp-json\/wp\/v2\/pages\/61\/revisions\/318"}],"wp:attachment":[{"href":"http:\/\/www.vanhamylly.info\/wordpress\/wp-json\/wp\/v2\/media?parent=61"}],"curies":[{"name":"wp","href":"https:\/\/api.w.org\/{rel}","templated":true}]}}