{"id":66,"date":"2018-11-25T15:53:55","date_gmt":"2018-11-25T13:53:55","guid":{"rendered":"http:\/\/www.vanhamylly.info\/wordpress\/?page_id=66"},"modified":"2023-03-11T20:02:19","modified_gmt":"2023-03-11T18:02:19","slug":"saannot","status":"publish","type":"page","link":"http:\/\/www.vanhamylly.info\/wordpress\/saannot\/","title":{"rendered":"S\u00e4\u00e4nn\u00f6t"},"content":{"rendered":"<h5><span style=\"color: #3366ff;\"><a style=\"color: #3366ff;\" href=\"http:\/\/www.vanhamylly.info\/wordpress\/varaus-ja-maksuehdot\/\" target=\"_blank\" rel=\"noopener\"><strong style=\"font-size: 1rem;\">VARAUS- JA MAKSUEHDOT<\/strong><\/a><\/span><\/h5>\n<h5><span style=\"color: #3366ff;\"><a style=\"color: #3366ff;\" href=\"http:\/\/www.vanhamylly.info\/wordpress\/siivous\/\" target=\"_blank\" rel=\"noopener\"><strong>SIIVOUS<\/strong><\/a><\/span><\/h5>\n<h5><span style=\"color: #3366ff;\"><a style=\"color: #3366ff;\" href=\"http:\/\/www.vanhamylly.info\/wordpress\/vahinkojen-korvaus-ja-ylivoimainen-este\/\" target=\"_blank\" rel=\"noopener\"><strong>VAHINKOJEN KORVAUKSET JA YLIVOIMAINEN ESTE<\/strong><\/a><\/span><\/h5>\n<h5><span style=\"color: #3366ff;\"><a style=\"color: #3366ff;\" href=\"http:\/\/www.vanhamylly.info\/wordpress\/valitukset\/\" target=\"_blank\" rel=\"noopener\"><strong>VALITUKSET<\/strong><\/a><\/span><\/h5>\n<h5><span style=\"color: #3366ff;\"><a style=\"color: #3366ff;\" href=\"http:\/\/www.vanhamylly.info\/wordpress\/varauksen-peruuttaminen-ja-muuttaminen\/\" target=\"_blank\" rel=\"noopener\"><strong>VARAUKSEN PERUUTTAMINEN JA MUUTTAMINEN<\/strong><\/a><\/span><\/h5>\n<h5><span style=\"color: #3366ff;\"><a style=\"color: #3366ff;\" href=\"http:\/\/www.vanhamylly.info\/wordpress\/oikeus-hintojen-muutoksiin\/\" target=\"_blank\" rel=\"noopener\"><strong>OIKEUS HINTOJEN MUUTOKSIIN<\/strong><\/a><\/span><\/h5>\n<h5><\/h5>\n","protected":false},"excerpt":{"rendered":"<p>VARAUS- JA MAKSUEHDOT SIIVOUS VAHINKOJEN KORVAUKSET JA YLIVOIMAINEN ESTE VALITUKSET VARAUKSEN PERUUTTAMINEN JA MUUTTAMINEN OIKEUS HINTOJEN MUUTOKSIIN<\/p>\n","protected":false},"author":1,"featured_media":0,"parent":0,"menu_order":0,"comment_status":"closed","ping_status":"closed","template":"","meta":[],"_links":{"self":[{"href":"http:\/\/www.vanhamylly.info\/wordpress\/wp-json\/wp\/v2\/pages\/66"}],"collection":[{"href":"http:\/\/www.vanhamylly.info\/wordpress\/wp-json\/wp\/v2\/pages"}],"about":[{"href":"http:\/\/www.vanhamylly.info\/wordpress\/wp-json\/wp\/v2\/types\/page"}],"author":[{"embeddable":true,"href":"http:\/\/www.vanhamylly.info\/wordpress\/wp-json\/wp\/v2\/users\/1"}],"replies":[{"embeddable":true,"href":"http:\/\/www.vanhamylly.info\/wordpress\/wp-json\/wp\/v2\/comments?post=66"}],"version-history":[{"count":16,"href":"http:\/\/www.vanhamylly.info\/wordpress\/wp-json\/wp\/v2\/pages\/66\/revisions"}],"predecessor-version":[{"id":383,"href":"http:\/\/www.vanhamylly.info\/wordpress\/wp-json\/wp\/v2\/pages\/66\/revisions\/383"}],"wp:attachment":[{"href":"http:\/\/www.vanhamylly.info\/wordpress\/wp-json\/wp\/v2\/media?parent=66"}],"curies":[{"name":"wp","href":"https:\/\/api.w.org\/{rel}","templated":true}]}}