{"id":70,"date":"2018-11-25T15:55:13","date_gmt":"2018-11-25T13:55:13","guid":{"rendered":"http:\/\/www.vanhamylly.info\/wordpress\/?page_id=70"},"modified":"2021-08-26T17:43:02","modified_gmt":"2021-08-26T14:43:02","slug":"bookingcom","status":"publish","type":"page","link":"http:\/\/www.vanhamylly.info\/wordpress\/bookingcom\/","title":{"rendered":"Varauspalvelu"},"content":{"rendered":"<p style=\"text-align: center;\">L\u00f6yd\u00e4t meid\u00e4n varauskalenterimme booking.com -sivustolta<br \/>\n<a href=\"https:\/\/www.booking.com\/hotel\/fi\/paarakennus.fi.html?label=gen173nr-1FCAEoggI46AdIM1gEaEiIAQGYAQy4ARjIAQzYAQHoAQH4AQuIAgGoAgQ;sid=e4cd66b4187f946521af89cb2f8588c2;dest_id=-1369179;dest_type=city;dist=0;group_adults=2;hapos=1;hpos=1;room1=A%2CA;sb_price_type=total;srepoch=1543166926;srfid=fc1a5a4b185984c8b7663e5dc201932f523799c2X1;srpvid=9bb17ae6730d020f;type=total;ucfs=1&amp;#hotelTmpl\">P\u00e4\u00e4rakennus<\/a><br \/>\n<a href=\"https:\/\/www.booking.com\/hotel\/fi\/mokkikyla-vanha-mylly.fi.html?label=gen173nr-1FCAEoggI46AdIM1gEaEiIAQGYAQy4ARjIAQzYAQHoAQH4AQuIAgGoAgQ;sid=e4cd66b4187f946521af89cb2f8588c2;dest_id=-1369179;dest_type=city;dist=0;group_adults=2;hapos=4;hpos=4;room1=A%2CA;sb_price_type=total;srepoch=1543167040;srfid=8ce82444dd6fb0d5b2d793eeed3cacfd29b205aaX4;srpvid=d2d67b1fc14700c3;type=total;ucfs=1&amp;#hotelTmpl\">Hirsim\u00f6kki<\/a><\/p>\n<p><!-- NETTIM\u00d6KKI.COM LOPPUU --><\/p>\n<p style=\"text-align: center;\"><strong>Osa viikonlopuista voi olla suljettuna bookingin kalenterissa,<br \/>\njoten ota yhteytt\u00e4 s\u00e4hk\u00f6postitse tai soita:<\/strong><br \/>\nvaraus@vanhamylly.info<br \/>\nTuija Tienhaara p. 050 365 7735<\/p>\n","protected":false},"excerpt":{"rendered":"<p>L\u00f6yd\u00e4t meid\u00e4n varauskalenterimme booking.com -sivustolta P\u00e4\u00e4rakennus Hirsim\u00f6kki Osa viikonlopuista voi olla suljettuna bookingin kalenterissa, joten ota yhteytt\u00e4 s\u00e4hk\u00f6postitse tai soita: varaus@vanhamylly.info Tuija Tienhaara p. 050 365 7735<\/p>\n","protected":false},"author":1,"featured_media":0,"parent":0,"menu_order":0,"comment_status":"closed","ping_status":"closed","template":"","meta":[],"_links":{"self":[{"href":"http:\/\/www.vanhamylly.info\/wordpress\/wp-json\/wp\/v2\/pages\/70"}],"collection":[{"href":"http:\/\/www.vanhamylly.info\/wordpress\/wp-json\/wp\/v2\/pages"}],"about":[{"href":"http:\/\/www.vanhamylly.info\/wordpress\/wp-json\/wp\/v2\/types\/page"}],"author":[{"embeddable":true,"href":"http:\/\/www.vanhamylly.info\/wordpress\/wp-json\/wp\/v2\/users\/1"}],"replies":[{"embeddable":true,"href":"http:\/\/www.vanhamylly.info\/wordpress\/wp-json\/wp\/v2\/comments?post=70"}],"version-history":[{"count":10,"href":"http:\/\/www.vanhamylly.info\/wordpress\/wp-json\/wp\/v2\/pages\/70\/revisions"}],"predecessor-version":[{"id":353,"href":"http:\/\/www.vanhamylly.info\/wordpress\/wp-json\/wp\/v2\/pages\/70\/revisions\/353"}],"wp:attachment":[{"href":"http:\/\/www.vanhamylly.info\/wordpress\/wp-json\/wp\/v2\/media?parent=70"}],"curies":[{"name":"wp","href":"https:\/\/api.w.org\/{rel}","templated":true}]}}