{"id":38,"date":"2018-11-25T15:51:18","date_gmt":"2018-11-25T13:51:18","guid":{"rendered":"http:\/\/www.vanhamylly.info\/wordpress\/?page_id=38"},"modified":"2022-11-29T23:41:47","modified_gmt":"2022-11-29T21:41:47","slug":"etusivu","status":"publish","type":"page","link":"https:\/\/www.vanhamylly.info\/wordpress\/","title":{"rendered":"Etusivu"},"content":{"rendered":"<p style=\"text-align: center;\"><img decoding=\"async\" loading=\"lazy\" class=\"alignnone size-full wp-image-357\" src=\"http:\/\/www.vanhamylly.info\/wordpress\/wp-content\/uploads\/2021\/08\/mokkikyla-scaled.jpg\" alt=\"\" width=\"2560\" height=\"1718\" srcset=\"https:\/\/www.vanhamylly.info\/wordpress\/wp-content\/uploads\/2021\/08\/mokkikyla-scaled.jpg 2560w, https:\/\/www.vanhamylly.info\/wordpress\/wp-content\/uploads\/2021\/08\/mokkikyla-300x201.jpg 300w, https:\/\/www.vanhamylly.info\/wordpress\/wp-content\/uploads\/2021\/08\/mokkikyla-1024x687.jpg 1024w, https:\/\/www.vanhamylly.info\/wordpress\/wp-content\/uploads\/2021\/08\/mokkikyla-768x515.jpg 768w, https:\/\/www.vanhamylly.info\/wordpress\/wp-content\/uploads\/2021\/08\/mokkikyla-1536x1031.jpg 1536w, https:\/\/www.vanhamylly.info\/wordpress\/wp-content\/uploads\/2021\/08\/mokkikyla-2048x1374.jpg 2048w\" sizes=\"(max-width: 767px) 89vw, (max-width: 1000px) 54vw, (max-width: 1071px) 543px, 580px\" \/><\/p>\n<p style=\"text-align: center;\">M\u00f6kkikyl\u00e4 Vanha Mylly sijaitsee rauhallisessa ymp\u00e4rist\u00f6ss\u00e4, kauniissa jokivarsi maisemassa.<\/p>\n<p style=\"text-align: center;\">M\u00f6kkikyl\u00e4n lammen rannasta l\u00f6ytyy el\u00e4myksellinen maasavusauna sek\u00e4 hirsim\u00f6kki. Vesi lampeen tulee Karijoesta ja se on uimakelpoista vaihtuen kokoajan. M\u00f6kkikyl\u00e4n majoitus on 32:lle henkil\u00f6lle.<\/p>\n<p style=\"text-align: center;\">M\u00f6kkikyl\u00e4ss\u00e4mme on mahdollista j\u00e4rjest\u00e4\u00e4 isompia juhlia, kokoontumisia tai esimerkiksi leirej\u00e4.<\/p>\n<p style=\"text-align: center;\"><em>M\u00f6kkikyl\u00e4ll\u00e4 on kalastuskortti, joka oikeuttaa yhden majoittujan kalastamaan Karijoen kalastuskunnan alueella.<\/em><\/p>\n<p style=\"text-align: center;\">Voit varata koko m\u00f6kkikyl\u00e4n yksityisk\u00e4ytt\u00f6\u00f6n.<\/p>\n<p style=\"text-align: center;\">Tervetuloa nauttimaan virkist\u00e4v\u00e4st\u00e4 lomasta!<\/p>\n","protected":false},"excerpt":{"rendered":"<p>M\u00f6kkikyl\u00e4 Vanha Mylly sijaitsee rauhallisessa ymp\u00e4rist\u00f6ss\u00e4, kauniissa jokivarsi maisemassa. M\u00f6kkikyl\u00e4n lammen rannasta l\u00f6ytyy el\u00e4myksellinen maasavusauna sek\u00e4 hirsim\u00f6kki. Vesi lampeen tulee Karijoesta ja se on uimakelpoista vaihtuen kokoajan. M\u00f6kkikyl\u00e4n majoitus on 32:lle henkil\u00f6lle. M\u00f6kkikyl\u00e4ss\u00e4mme on mahdollista j\u00e4rjest\u00e4\u00e4 isompia juhlia, kokoontumisia tai esimerkiksi leirej\u00e4. M\u00f6kkikyl\u00e4ll\u00e4 on kalastuskortti, joka oikeuttaa yhden majoittujan kalastamaan Karijoen kalastuskunnan alueella. Voit varata &hellip; <\/p>\n<p class=\"link-more\"><a href=\"https:\/\/www.vanhamylly.info\/wordpress\/\" class=\"more-link\">Jatka lukemista<span class=\"screen-reader-text\"> &#8221;Etusivu&#8221;<\/span><\/a><\/p>\n","protected":false},"author":1,"featured_media":0,"parent":0,"menu_order":0,"comment_status":"closed","ping_status":"closed","template":"","meta":[],"_links":{"self":[{"href":"https:\/\/www.vanhamylly.info\/wordpress\/wp-json\/wp\/v2\/pages\/38"}],"collection":[{"href":"https:\/\/www.vanhamylly.info\/wordpress\/wp-json\/wp\/v2\/pages"}],"about":[{"href":"https:\/\/www.vanhamylly.info\/wordpress\/wp-json\/wp\/v2\/types\/page"}],"author":[{"embeddable":true,"href":"https:\/\/www.vanhamylly.info\/wordpress\/wp-json\/wp\/v2\/users\/1"}],"replies":[{"embeddable":true,"href":"https:\/\/www.vanhamylly.info\/wordpress\/wp-json\/wp\/v2\/comments?post=38"}],"version-history":[{"count":14,"href":"https:\/\/www.vanhamylly.info\/wordpress\/wp-json\/wp\/v2\/pages\/38\/revisions"}],"predecessor-version":[{"id":361,"href":"https:\/\/www.vanhamylly.info\/wordpress\/wp-json\/wp\/v2\/pages\/38\/revisions\/361"}],"wp:attachment":[{"href":"https:\/\/www.vanhamylly.info\/wordpress\/wp-json\/wp\/v2\/media?parent=38"}],"curies":[{"name":"wp","href":"https:\/\/api.w.org\/{rel}","templated":true}]}}